{"id":131,"date":"2023-01-22T13:45:59","date_gmt":"2023-01-22T13:45:59","guid":{"rendered":"http:\/\/www.translation-for-gourmets.de\/?page_id=131"},"modified":"2023-01-22T14:02:43","modified_gmt":"2023-01-22T14:02:43","slug":"impressum","status":"publish","type":"page","link":"http:\/\/www.translation-for-gourmets.de\/?page_id=131","title":{"rendered":"Impressum"},"content":{"rendered":"\n<p class=\"wp-block-paragraph\"><\/p>\n\n\n\n<h2 id=\"wp-block-themeisle-blocks-advanced-heading-7f69b433\" class=\"wp-block-themeisle-blocks-advanced-heading wp-block-themeisle-blocks-advanced-heading-7f69b433\">Angaben gem\u00e4\u00df \u00a7 5 TMG:<\/h2>\n\n\n\n<p class=\"wp-block-paragraph\">Susanne Kammerer<br>Eduard-M\u00f6rike-Stra\u00dfe 14<br>68535 Edingen-Neckarhausen<\/p>\n\n\n\n<h2 id=\"wp-block-themeisle-blocks-advanced-heading-b04a8f40\" class=\"wp-block-themeisle-blocks-advanced-heading wp-block-themeisle-blocks-advanced-heading-b04a8f40\">Kontakt:<\/h2>\n\n\n\n<p class=\"wp-block-paragraph\">Email: sk@translation-for-gourmets.de<\/p>\n","protected":false},"excerpt":{"rendered":"<p>Susanne KammererEduard-M\u00f6rike-Stra\u00dfe 1468535 Edingen-Neckarhausen Email: sk@translation-for-gourmets.de<\/p>\n","protected":false},"author":1,"featured_media":0,"parent":0,"menu_order":0,"comment_status":"closed","ping_status":"closed","template":"","meta":{"_crdt_document":"","_themeisle_gutenberg_block_has_review":false,"footnotes":""},"class_list":["post-131","page","type-page","status-publish","hentry"],"jetpack-related-posts":[{"id":51,"url":"http:\/\/www.translation-for-gourmets.de\/?page_id=51","url_meta":{"origin":131,"position":0},"title":"Meine \u00dcbersetzungen","date":"Januar 19, 2023","format":false,"excerpt":"erscheint im Mai 2023erscheint 2023mit Regina Rawlinsonmit Jutta Schiborrmit Michaela Me\u00dfnermit Regine Bramsmit Tanja Handelsmit Jutta Schiborrmit Helmut Ertlmit Carla Gr\u00f6ppel-WegenerMitarbeitMitarbeit","rel":"","context":"\u00c4hnlicher Beitrag","img":{"alt_text":"","src":"https:\/\/i0.wp.com\/www.translation-for-gourmets.de\/wp-content\/uploads\/2023\/03\/2023_Michal-Korkosz_Polen-vegetarisch.webp?resize=350%2C200","width":350,"height":200},"classes":[]},{"id":50,"url":"http:\/\/www.translation-for-gourmets.de\/?page_id=50","url_meta":{"origin":131,"position":1},"title":"\u00dcber mich","date":"Januar 19, 2023","format":false,"excerpt":"","rel":"","context":"\u00c4hnlicher Beitrag","img":{"alt_text":"","src":"","width":0,"height":0},"classes":[]},{"id":2,"url":"http:\/\/www.translation-for-gourmets.de\/","url_meta":{"origin":131,"position":2},"title":"Bitte haben Sie etwas Geduld&#8230;","date":"Januar 18, 2023","format":false,"excerpt":"Hier entsteht gerade mein neuer Internetauftritt","rel":"","context":"\u00c4hnlicher Beitrag","img":{"alt_text":"","src":"","width":0,"height":0},"classes":[]},{"id":58,"url":"http:\/\/www.translation-for-gourmets.de\/?page_id=58","url_meta":{"origin":131,"position":3},"title":"Was brodelt gerade","date":"Januar 19, 2023","format":false,"excerpt":"","rel":"","context":"\u00c4hnlicher Beitrag","img":{"alt_text":"","src":"","width":0,"height":0},"classes":[]}],"_links":{"self":[{"href":"http:\/\/www.translation-for-gourmets.de\/index.php?rest_route=\/wp\/v2\/pages\/131","targetHints":{"allow":["GET"]}}],"collection":[{"href":"http:\/\/www.translation-for-gourmets.de\/index.php?rest_route=\/wp\/v2\/pages"}],"about":[{"href":"http:\/\/www.translation-for-gourmets.de\/index.php?rest_route=\/wp\/v2\/types\/page"}],"author":[{"embeddable":true,"href":"http:\/\/www.translation-for-gourmets.de\/index.php?rest_route=\/wp\/v2\/users\/1"}],"replies":[{"embeddable":true,"href":"http:\/\/www.translation-for-gourmets.de\/index.php?rest_route=%2Fwp%2Fv2%2Fcomments&post=131"}],"version-history":[{"count":6,"href":"http:\/\/www.translation-for-gourmets.de\/index.php?rest_route=\/wp\/v2\/pages\/131\/revisions"}],"predecessor-version":[{"id":140,"href":"http:\/\/www.translation-for-gourmets.de\/index.php?rest_route=\/wp\/v2\/pages\/131\/revisions\/140"}],"wp:attachment":[{"href":"http:\/\/www.translation-for-gourmets.de\/index.php?rest_route=%2Fwp%2Fv2%2Fmedia&parent=131"}],"curies":[{"name":"wp","href":"https:\/\/api.w.org\/{rel}","templated":true}]}}