{"id":51,"date":"2023-01-19T10:41:19","date_gmt":"2023-01-19T10:41:19","guid":{"rendered":"http:\/\/www.translation-for-gourmets.de\/?page_id=51"},"modified":"2023-03-12T12:55:19","modified_gmt":"2023-03-12T12:55:19","slug":"meine-uebersetzungen","status":"publish","type":"page","link":"http:\/\/www.translation-for-gourmets.de\/?page_id=51","title":{"rendered":"Meine \u00dcbersetzungen"},"content":{"rendered":"\n<div class=\"wp-block-jetpack-slideshow\" data-effect=\"slide\"><div class=\"wp-block-jetpack-slideshow_container swiper-container\"><ul class=\"wp-block-jetpack-slideshow_swiper-wrapper swiper-wrapper\"><li class=\"wp-block-jetpack-slideshow_slide swiper-slide\"><figure><img loading=\"lazy\" decoding=\"async\" width=\"400\" height=\"526\" alt=\"\" class=\"wp-block-jetpack-slideshow_image wp-image-164\" data-id=\"164\" src=\"http:\/\/www.translation-for-gourmets.de\/wp-content\/uploads\/2023\/03\/2023_Michal-Korkosz_Polen-vegetarisch.webp\" srcset=\"http:\/\/www.translation-for-gourmets.de\/wp-content\/uploads\/2023\/03\/2023_Michal-Korkosz_Polen-vegetarisch.webp 400w, http:\/\/www.translation-for-gourmets.de\/wp-content\/uploads\/2023\/03\/2023_Michal-Korkosz_Polen-vegetarisch-228x300.webp 228w\" sizes=\"auto, (max-width: 400px) 100vw, 400px\" \/><figcaption class=\"wp-block-jetpack-slideshow_caption gallery-caption\">erscheint im Mai 2023<\/figcaption><\/figure><\/li><li class=\"wp-block-jetpack-slideshow_slide swiper-slide\"><figure><img loading=\"lazy\" decoding=\"async\" width=\"400\" height=\"530\" alt=\"\" class=\"wp-block-jetpack-slideshow_image wp-image-165\" data-id=\"165\" src=\"http:\/\/www.translation-for-gourmets.de\/wp-content\/uploads\/2023\/03\/2022_The-Hebridean-Baker.jpg\" srcset=\"http:\/\/www.translation-for-gourmets.de\/wp-content\/uploads\/2023\/03\/2022_The-Hebridean-Baker.jpg 400w, http:\/\/www.translation-for-gourmets.de\/wp-content\/uploads\/2023\/03\/2022_The-Hebridean-Baker-226x300.jpg 226w\" sizes=\"auto, (max-width: 400px) 100vw, 400px\" \/><figcaption class=\"wp-block-jetpack-slideshow_caption gallery-caption\">erscheint 2023<\/figcaption><\/figure><\/li><li class=\"wp-block-jetpack-slideshow_slide swiper-slide\"><figure><img loading=\"lazy\" decoding=\"async\" width=\"400\" height=\"509\" alt=\"\" class=\"wp-block-jetpack-slideshow_image wp-image-157\" data-id=\"157\" src=\"http:\/\/www.translation-for-gourmets.de\/wp-content\/uploads\/2023\/03\/Fanny-Singer.jpg\" srcset=\"http:\/\/www.translation-for-gourmets.de\/wp-content\/uploads\/2023\/03\/Fanny-Singer.jpg 400w, http:\/\/www.translation-for-gourmets.de\/wp-content\/uploads\/2023\/03\/Fanny-Singer-236x300.jpg 236w\" sizes=\"auto, (max-width: 400px) 100vw, 400px\" \/><\/figure><\/li><li class=\"wp-block-jetpack-slideshow_slide swiper-slide\"><figure><img loading=\"lazy\" decoding=\"async\" width=\"400\" height=\"568\" alt=\"\" class=\"wp-block-jetpack-slideshow_image wp-image-159\" data-id=\"159\" src=\"http:\/\/www.translation-for-gourmets.de\/wp-content\/uploads\/2023\/03\/2018_Kate-Young_Little-library-cookbook-1.jpg\" srcset=\"http:\/\/www.translation-for-gourmets.de\/wp-content\/uploads\/2023\/03\/2018_Kate-Young_Little-library-cookbook-1.jpg 400w, http:\/\/www.translation-for-gourmets.de\/wp-content\/uploads\/2023\/03\/2018_Kate-Young_Little-library-cookbook-1-211x300.jpg 211w\" sizes=\"auto, (max-width: 400px) 100vw, 400px\" \/><figcaption class=\"wp-block-jetpack-slideshow_caption gallery-caption\">mit Regina Rawlinson<\/figcaption><\/figure><\/li><li class=\"wp-block-jetpack-slideshow_slide swiper-slide\"><figure><img loading=\"lazy\" decoding=\"async\" width=\"400\" height=\"527\" alt=\"\" class=\"wp-block-jetpack-slideshow_image wp-image-167\" data-id=\"167\" src=\"http:\/\/www.translation-for-gourmets.de\/wp-content\/uploads\/2023\/03\/The-modern-cooks-year.jpg\" srcset=\"http:\/\/www.translation-for-gourmets.de\/wp-content\/uploads\/2023\/03\/The-modern-cooks-year.jpg 400w, http:\/\/www.translation-for-gourmets.de\/wp-content\/uploads\/2023\/03\/The-modern-cooks-year-228x300.jpg 228w\" sizes=\"auto, (max-width: 400px) 100vw, 400px\" \/><figcaption class=\"wp-block-jetpack-slideshow_caption gallery-caption\">mit Jutta Schiborr<\/figcaption><\/figure><\/li><li class=\"wp-block-jetpack-slideshow_slide swiper-slide\"><figure><img loading=\"lazy\" decoding=\"async\" width=\"400\" height=\"568\" alt=\"\" class=\"wp-block-jetpack-slideshow_image wp-image-170\" data-id=\"170\" src=\"http:\/\/www.translation-for-gourmets.de\/wp-content\/uploads\/2023\/03\/Mit-dem-little-library-cookbook-durchs-Jahr.jpg\" srcset=\"http:\/\/www.translation-for-gourmets.de\/wp-content\/uploads\/2023\/03\/Mit-dem-little-library-cookbook-durchs-Jahr.jpg 400w, http:\/\/www.translation-for-gourmets.de\/wp-content\/uploads\/2023\/03\/Mit-dem-little-library-cookbook-durchs-Jahr-211x300.jpg 211w\" sizes=\"auto, (max-width: 400px) 100vw, 400px\" \/><figcaption class=\"wp-block-jetpack-slideshow_caption gallery-caption\">mit Michaela Me\u00dfner<\/figcaption><\/figure><\/li><li class=\"wp-block-jetpack-slideshow_slide swiper-slide\"><figure><img loading=\"lazy\" decoding=\"async\" width=\"400\" height=\"584\" alt=\"\" class=\"wp-block-jetpack-slideshow_image wp-image-171\" data-id=\"171\" src=\"http:\/\/www.translation-for-gourmets.de\/wp-content\/uploads\/2023\/03\/Sweet.jpg\" srcset=\"http:\/\/www.translation-for-gourmets.de\/wp-content\/uploads\/2023\/03\/Sweet.jpg 400w, http:\/\/www.translation-for-gourmets.de\/wp-content\/uploads\/2023\/03\/Sweet-205x300.jpg 205w\" sizes=\"auto, (max-width: 400px) 100vw, 400px\" \/><figcaption class=\"wp-block-jetpack-slideshow_caption gallery-caption\">mit Regine Brams<\/figcaption><\/figure><\/li><li class=\"wp-block-jetpack-slideshow_slide swiper-slide\"><figure><img loading=\"lazy\" decoding=\"async\" width=\"400\" height=\"508\" alt=\"\" class=\"wp-block-jetpack-slideshow_image wp-image-172\" data-id=\"172\" src=\"http:\/\/www.translation-for-gourmets.de\/wp-content\/uploads\/2023\/03\/Salatsensationen.jpg\" srcset=\"http:\/\/www.translation-for-gourmets.de\/wp-content\/uploads\/2023\/03\/Salatsensationen.jpg 400w, http:\/\/www.translation-for-gourmets.de\/wp-content\/uploads\/2023\/03\/Salatsensationen-236x300.jpg 236w\" sizes=\"auto, (max-width: 400px) 100vw, 400px\" \/><\/figure><\/li><li class=\"wp-block-jetpack-slideshow_slide swiper-slide\"><figure><img loading=\"lazy\" decoding=\"async\" width=\"400\" height=\"573\" alt=\"\" class=\"wp-block-jetpack-slideshow_image wp-image-173\" data-id=\"173\" src=\"http:\/\/www.translation-for-gourmets.de\/wp-content\/uploads\/2023\/03\/Yummy-Books.jpg\" srcset=\"http:\/\/www.translation-for-gourmets.de\/wp-content\/uploads\/2023\/03\/Yummy-Books.jpg 400w, http:\/\/www.translation-for-gourmets.de\/wp-content\/uploads\/2023\/03\/Yummy-Books-209x300.jpg 209w\" sizes=\"auto, (max-width: 400px) 100vw, 400px\" \/><figcaption class=\"wp-block-jetpack-slideshow_caption gallery-caption\">mit Tanja Handels<\/figcaption><\/figure><\/li><li class=\"wp-block-jetpack-slideshow_slide swiper-slide\"><figure><img loading=\"lazy\" decoding=\"async\" width=\"465\" height=\"600\" alt=\"\" class=\"wp-block-jetpack-slideshow_image wp-image-177\" data-id=\"177\" src=\"http:\/\/www.translation-for-gourmets.de\/wp-content\/uploads\/2023\/03\/what-katie-ate-on-the-weekend-gebundene-ausgabe-katie-quinn-davies-englisch.jpg\" srcset=\"http:\/\/www.translation-for-gourmets.de\/wp-content\/uploads\/2023\/03\/what-katie-ate-on-the-weekend-gebundene-ausgabe-katie-quinn-davies-englisch.jpg 465w, http:\/\/www.translation-for-gourmets.de\/wp-content\/uploads\/2023\/03\/what-katie-ate-on-the-weekend-gebundene-ausgabe-katie-quinn-davies-englisch-233x300.jpg 233w\" sizes=\"auto, (max-width: 465px) 100vw, 465px\" \/><figcaption class=\"wp-block-jetpack-slideshow_caption gallery-caption\">mit Jutta Schiborr<\/figcaption><\/figure><\/li><li class=\"wp-block-jetpack-slideshow_slide swiper-slide\"><figure><img loading=\"lazy\" decoding=\"async\" width=\"400\" height=\"544\" alt=\"\" class=\"wp-block-jetpack-slideshow_image wp-image-174\" data-id=\"174\" src=\"http:\/\/www.translation-for-gourmets.de\/wp-content\/uploads\/2023\/03\/Vegetarische-Koestlichkeiten.jpg\" srcset=\"http:\/\/www.translation-for-gourmets.de\/wp-content\/uploads\/2023\/03\/Vegetarische-Koestlichkeiten.jpg 400w, http:\/\/www.translation-for-gourmets.de\/wp-content\/uploads\/2023\/03\/Vegetarische-Koestlichkeiten-221x300.jpg 221w\" sizes=\"auto, (max-width: 400px) 100vw, 400px\" \/><figcaption class=\"wp-block-jetpack-slideshow_caption gallery-caption\">mit Helmut Ertl<\/figcaption><\/figure><\/li><li class=\"wp-block-jetpack-slideshow_slide swiper-slide\"><figure><img loading=\"lazy\" decoding=\"async\" width=\"400\" height=\"555\" alt=\"\" class=\"wp-block-jetpack-slideshow_image wp-image-175\" data-id=\"175\" src=\"http:\/\/www.translation-for-gourmets.de\/wp-content\/uploads\/2023\/03\/Istanbul.jpg\" srcset=\"http:\/\/www.translation-for-gourmets.de\/wp-content\/uploads\/2023\/03\/Istanbul.jpg 400w, http:\/\/www.translation-for-gourmets.de\/wp-content\/uploads\/2023\/03\/Istanbul-216x300.jpg 216w\" sizes=\"auto, (max-width: 400px) 100vw, 400px\" \/><\/figure><\/li><li class=\"wp-block-jetpack-slideshow_slide swiper-slide\"><figure><img loading=\"lazy\" decoding=\"async\" width=\"400\" height=\"541\" alt=\"\" class=\"wp-block-jetpack-slideshow_image wp-image-178\" data-id=\"178\" src=\"http:\/\/www.translation-for-gourmets.de\/wp-content\/uploads\/2023\/03\/What-Katie-ate.jpg\" srcset=\"http:\/\/www.translation-for-gourmets.de\/wp-content\/uploads\/2023\/03\/What-Katie-ate.jpg 400w, http:\/\/www.translation-for-gourmets.de\/wp-content\/uploads\/2023\/03\/What-Katie-ate-222x300.jpg 222w\" sizes=\"auto, (max-width: 400px) 100vw, 400px\" \/><\/figure><\/li><li class=\"wp-block-jetpack-slideshow_slide swiper-slide\"><figure><img loading=\"lazy\" decoding=\"async\" width=\"400\" height=\"460\" alt=\"\" class=\"wp-block-jetpack-slideshow_image wp-image-179\" data-id=\"179\" src=\"http:\/\/www.translation-for-gourmets.de\/wp-content\/uploads\/2023\/03\/Total-lecker.jpg\" srcset=\"http:\/\/www.translation-for-gourmets.de\/wp-content\/uploads\/2023\/03\/Total-lecker.jpg 400w, http:\/\/www.translation-for-gourmets.de\/wp-content\/uploads\/2023\/03\/Total-lecker-261x300.jpg 261w\" sizes=\"auto, (max-width: 400px) 100vw, 400px\" \/><\/figure><\/li><li class=\"wp-block-jetpack-slideshow_slide swiper-slide\"><figure><img loading=\"lazy\" decoding=\"async\" width=\"400\" height=\"563\" alt=\"\" class=\"wp-block-jetpack-slideshow_image wp-image-180\" data-id=\"180\" src=\"http:\/\/www.translation-for-gourmets.de\/wp-content\/uploads\/2023\/03\/Ottolenghi-Das-Kochbuch.jpg\" srcset=\"http:\/\/www.translation-for-gourmets.de\/wp-content\/uploads\/2023\/03\/Ottolenghi-Das-Kochbuch.jpg 400w, http:\/\/www.translation-for-gourmets.de\/wp-content\/uploads\/2023\/03\/Ottolenghi-Das-Kochbuch-213x300.jpg 213w\" sizes=\"auto, (max-width: 400px) 100vw, 400px\" \/><figcaption class=\"wp-block-jetpack-slideshow_caption gallery-caption\">mit Carla Gr\u00f6ppel-Wegener<\/figcaption><\/figure><\/li><li class=\"wp-block-jetpack-slideshow_slide swiper-slide\"><figure><img loading=\"lazy\" decoding=\"async\" width=\"400\" height=\"483\" alt=\"\" class=\"wp-block-jetpack-slideshow_image wp-image-181\" data-id=\"181\" src=\"http:\/\/www.translation-for-gourmets.de\/wp-content\/uploads\/2023\/03\/Bon-Appetit.jpg\" srcset=\"http:\/\/www.translation-for-gourmets.de\/wp-content\/uploads\/2023\/03\/Bon-Appetit.jpg 400w, http:\/\/www.translation-for-gourmets.de\/wp-content\/uploads\/2023\/03\/Bon-Appetit-248x300.jpg 248w\" sizes=\"auto, (max-width: 400px) 100vw, 400px\" \/><\/figure><\/li><li class=\"wp-block-jetpack-slideshow_slide swiper-slide\"><figure><img loading=\"lazy\" decoding=\"async\" width=\"400\" height=\"569\" alt=\"\" class=\"wp-block-jetpack-slideshow_image wp-image-182\" data-id=\"182\" src=\"http:\/\/www.translation-for-gourmets.de\/wp-content\/uploads\/2023\/03\/Genussvoll-vegetarisch.jpg\" srcset=\"http:\/\/www.translation-for-gourmets.de\/wp-content\/uploads\/2023\/03\/Genussvoll-vegetarisch.jpg 400w, http:\/\/www.translation-for-gourmets.de\/wp-content\/uploads\/2023\/03\/Genussvoll-vegetarisch-211x300.jpg 211w\" sizes=\"auto, (max-width: 400px) 100vw, 400px\" \/><\/figure><\/li><li class=\"wp-block-jetpack-slideshow_slide swiper-slide\"><figure><img loading=\"lazy\" decoding=\"async\" width=\"400\" height=\"638\" alt=\"\" class=\"wp-block-jetpack-slideshow_image wp-image-183\" data-id=\"183\" src=\"http:\/\/www.translation-for-gourmets.de\/wp-content\/uploads\/2023\/03\/Schmor.jpg\" srcset=\"http:\/\/www.translation-for-gourmets.de\/wp-content\/uploads\/2023\/03\/Schmor.jpg 400w, http:\/\/www.translation-for-gourmets.de\/wp-content\/uploads\/2023\/03\/Schmor-188x300.jpg 188w\" sizes=\"auto, (max-width: 400px) 100vw, 400px\" \/><\/figure><\/li><li class=\"wp-block-jetpack-slideshow_slide swiper-slide\"><figure><img loading=\"lazy\" decoding=\"async\" width=\"400\" height=\"511\" alt=\"\" class=\"wp-block-jetpack-slideshow_image wp-image-184\" data-id=\"184\" src=\"http:\/\/www.translation-for-gourmets.de\/wp-content\/uploads\/2023\/03\/Ramsay-Drei-Sterne.jpg\" srcset=\"http:\/\/www.translation-for-gourmets.de\/wp-content\/uploads\/2023\/03\/Ramsay-Drei-Sterne.jpg 400w, http:\/\/www.translation-for-gourmets.de\/wp-content\/uploads\/2023\/03\/Ramsay-Drei-Sterne-235x300.jpg 235w\" sizes=\"auto, (max-width: 400px) 100vw, 400px\" \/><\/figure><\/li><li class=\"wp-block-jetpack-slideshow_slide swiper-slide\"><figure><img loading=\"lazy\" decoding=\"async\" width=\"400\" height=\"519\" alt=\"\" class=\"wp-block-jetpack-slideshow_image wp-image-185\" data-id=\"185\" src=\"http:\/\/www.translation-for-gourmets.de\/wp-content\/uploads\/2023\/03\/Dinner-fuer-Freunde.jpg\" srcset=\"http:\/\/www.translation-for-gourmets.de\/wp-content\/uploads\/2023\/03\/Dinner-fuer-Freunde.jpg 400w, http:\/\/www.translation-for-gourmets.de\/wp-content\/uploads\/2023\/03\/Dinner-fuer-Freunde-231x300.jpg 231w\" sizes=\"auto, (max-width: 400px) 100vw, 400px\" \/><\/figure><\/li><li class=\"wp-block-jetpack-slideshow_slide swiper-slide\"><figure><img loading=\"lazy\" decoding=\"async\" width=\"400\" height=\"511\" alt=\"\" class=\"wp-block-jetpack-slideshow_image wp-image-188\" data-id=\"188\" src=\"http:\/\/www.translation-for-gourmets.de\/wp-content\/uploads\/2023\/03\/Lust-zu-kochen.jpg\" srcset=\"http:\/\/www.translation-for-gourmets.de\/wp-content\/uploads\/2023\/03\/Lust-zu-kochen.jpg 400w, http:\/\/www.translation-for-gourmets.de\/wp-content\/uploads\/2023\/03\/Lust-zu-kochen-235x300.jpg 235w\" sizes=\"auto, (max-width: 400px) 100vw, 400px\" \/><\/figure><\/li><li class=\"wp-block-jetpack-slideshow_slide swiper-slide\"><figure><img loading=\"lazy\" decoding=\"async\" width=\"400\" height=\"643\" alt=\"\" class=\"wp-block-jetpack-slideshow_image wp-image-189\" data-id=\"189\" src=\"http:\/\/www.translation-for-gourmets.de\/wp-content\/uploads\/2023\/03\/Currys.jpg\" srcset=\"http:\/\/www.translation-for-gourmets.de\/wp-content\/uploads\/2023\/03\/Currys.jpg 400w, http:\/\/www.translation-for-gourmets.de\/wp-content\/uploads\/2023\/03\/Currys-187x300.jpg 187w\" sizes=\"auto, (max-width: 400px) 100vw, 400px\" \/><\/figure><\/li><li class=\"wp-block-jetpack-slideshow_slide swiper-slide\"><figure><img loading=\"lazy\" decoding=\"async\" width=\"400\" height=\"524\" alt=\"\" class=\"wp-block-jetpack-slideshow_image wp-image-190\" data-id=\"190\" src=\"http:\/\/www.translation-for-gourmets.de\/wp-content\/uploads\/2023\/03\/kochbibel.jpg\" srcset=\"http:\/\/www.translation-for-gourmets.de\/wp-content\/uploads\/2023\/03\/kochbibel.jpg 400w, http:\/\/www.translation-for-gourmets.de\/wp-content\/uploads\/2023\/03\/kochbibel-229x300.jpg 229w\" sizes=\"auto, (max-width: 400px) 100vw, 400px\" \/><figcaption class=\"wp-block-jetpack-slideshow_caption gallery-caption\">Mitarbeit<\/figcaption><\/figure><\/li><li class=\"wp-block-jetpack-slideshow_slide swiper-slide\"><figure><img loading=\"lazy\" decoding=\"async\" width=\"400\" height=\"316\" alt=\"\" class=\"wp-block-jetpack-slideshow_image wp-image-192\" data-id=\"192\" src=\"http:\/\/www.translation-for-gourmets.de\/wp-content\/uploads\/2023\/03\/2008_Sephi-Bergeerson_Streetfodd-indisch-1.jpg\" srcset=\"http:\/\/www.translation-for-gourmets.de\/wp-content\/uploads\/2023\/03\/2008_Sephi-Bergeerson_Streetfodd-indisch-1.jpg 400w, http:\/\/www.translation-for-gourmets.de\/wp-content\/uploads\/2023\/03\/2008_Sephi-Bergeerson_Streetfodd-indisch-1-300x237.jpg 300w\" sizes=\"auto, (max-width: 400px) 100vw, 400px\" \/><\/figure><\/li><li class=\"wp-block-jetpack-slideshow_slide swiper-slide\"><figure><img loading=\"lazy\" decoding=\"async\" width=\"400\" height=\"517\" alt=\"\" class=\"wp-block-jetpack-slideshow_image wp-image-193\" data-id=\"193\" src=\"http:\/\/www.translation-for-gourmets.de\/wp-content\/uploads\/2023\/03\/Marmeladen.jpg\" srcset=\"http:\/\/www.translation-for-gourmets.de\/wp-content\/uploads\/2023\/03\/Marmeladen.jpg 400w, http:\/\/www.translation-for-gourmets.de\/wp-content\/uploads\/2023\/03\/Marmeladen-232x300.jpg 232w\" sizes=\"auto, (max-width: 400px) 100vw, 400px\" \/><\/figure><\/li><li class=\"wp-block-jetpack-slideshow_slide swiper-slide\"><figure><img loading=\"lazy\" decoding=\"async\" width=\"400\" height=\"531\" alt=\"\" class=\"wp-block-jetpack-slideshow_image wp-image-194\" data-id=\"194\" src=\"http:\/\/www.translation-for-gourmets.de\/wp-content\/uploads\/2023\/03\/Larousse.jpg\" srcset=\"http:\/\/www.translation-for-gourmets.de\/wp-content\/uploads\/2023\/03\/Larousse.jpg 400w, http:\/\/www.translation-for-gourmets.de\/wp-content\/uploads\/2023\/03\/Larousse-226x300.jpg 226w\" sizes=\"auto, (max-width: 400px) 100vw, 400px\" \/><figcaption class=\"wp-block-jetpack-slideshow_caption gallery-caption\">Mitarbeit<\/figcaption><\/figure><\/li><li class=\"wp-block-jetpack-slideshow_slide swiper-slide\"><figure><img loading=\"lazy\" decoding=\"async\" width=\"400\" height=\"645\" alt=\"\" class=\"wp-block-jetpack-slideshow_image wp-image-195\" data-id=\"195\" src=\"http:\/\/www.translation-for-gourmets.de\/wp-content\/uploads\/2023\/03\/Food_Glas.jpg\" srcset=\"http:\/\/www.translation-for-gourmets.de\/wp-content\/uploads\/2023\/03\/Food_Glas.jpg 400w, http:\/\/www.translation-for-gourmets.de\/wp-content\/uploads\/2023\/03\/Food_Glas-186x300.jpg 186w\" sizes=\"auto, (max-width: 400px) 100vw, 400px\" \/><\/figure><\/li><li class=\"wp-block-jetpack-slideshow_slide swiper-slide\"><figure><img loading=\"lazy\" decoding=\"async\" width=\"400\" height=\"468\" alt=\"\" class=\"wp-block-jetpack-slideshow_image wp-image-196\" data-id=\"196\" src=\"http:\/\/www.translation-for-gourmets.de\/wp-content\/uploads\/2023\/03\/Duchy.jpg\" srcset=\"http:\/\/www.translation-for-gourmets.de\/wp-content\/uploads\/2023\/03\/Duchy.jpg 400w, http:\/\/www.translation-for-gourmets.de\/wp-content\/uploads\/2023\/03\/Duchy-256x300.jpg 256w\" sizes=\"auto, (max-width: 400px) 100vw, 400px\" \/><\/figure><\/li><li class=\"wp-block-jetpack-slideshow_slide swiper-slide\"><figure><img loading=\"lazy\" decoding=\"async\" width=\"400\" height=\"650\" alt=\"\" class=\"wp-block-jetpack-slideshow_image wp-image-197\" data-id=\"197\" src=\"http:\/\/www.translation-for-gourmets.de\/wp-content\/uploads\/2023\/03\/Cake.jpg\" srcset=\"http:\/\/www.translation-for-gourmets.de\/wp-content\/uploads\/2023\/03\/Cake.jpg 400w, http:\/\/www.translation-for-gourmets.de\/wp-content\/uploads\/2023\/03\/Cake-185x300.jpg 185w\" sizes=\"auto, (max-width: 400px) 100vw, 400px\" \/><\/figure><\/li><li class=\"wp-block-jetpack-slideshow_slide swiper-slide\"><figure><img loading=\"lazy\" decoding=\"async\" width=\"400\" height=\"632\" alt=\"\" class=\"wp-block-jetpack-slideshow_image wp-image-198\" data-id=\"198\" src=\"http:\/\/www.translation-for-gourmets.de\/wp-content\/uploads\/2023\/03\/Terrinen.jpg\" srcset=\"http:\/\/www.translation-for-gourmets.de\/wp-content\/uploads\/2023\/03\/Terrinen.jpg 400w, http:\/\/www.translation-for-gourmets.de\/wp-content\/uploads\/2023\/03\/Terrinen-190x300.jpg 190w\" sizes=\"auto, (max-width: 400px) 100vw, 400px\" \/><\/figure><\/li><li class=\"wp-block-jetpack-slideshow_slide swiper-slide\"><figure><img loading=\"lazy\" decoding=\"async\" width=\"400\" height=\"657\" alt=\"\" class=\"wp-block-jetpack-slideshow_image wp-image-199\" data-id=\"199\" src=\"http:\/\/www.translation-for-gourmets.de\/wp-content\/uploads\/2023\/03\/Tartes.jpg\" srcset=\"http:\/\/www.translation-for-gourmets.de\/wp-content\/uploads\/2023\/03\/Tartes.jpg 400w, http:\/\/www.translation-for-gourmets.de\/wp-content\/uploads\/2023\/03\/Tartes-183x300.jpg 183w\" sizes=\"auto, (max-width: 400px) 100vw, 400px\" \/><\/figure><\/li><li class=\"wp-block-jetpack-slideshow_slide swiper-slide\"><figure><img loading=\"lazy\" decoding=\"async\" width=\"400\" height=\"515\" alt=\"\" class=\"wp-block-jetpack-slideshow_image wp-image-200\" data-id=\"200\" src=\"http:\/\/www.translation-for-gourmets.de\/wp-content\/uploads\/2023\/03\/jaffrey.jpg\" srcset=\"http:\/\/www.translation-for-gourmets.de\/wp-content\/uploads\/2023\/03\/jaffrey.jpg 400w, http:\/\/www.translation-for-gourmets.de\/wp-content\/uploads\/2023\/03\/jaffrey-233x300.jpg 233w\" sizes=\"auto, (max-width: 400px) 100vw, 400px\" \/><\/figure><\/li><li class=\"wp-block-jetpack-slideshow_slide swiper-slide\"><figure><img loading=\"lazy\" decoding=\"async\" width=\"400\" height=\"446\" alt=\"\" class=\"wp-block-jetpack-slideshow_image wp-image-201\" data-id=\"201\" src=\"http:\/\/www.translation-for-gourmets.de\/wp-content\/uploads\/2023\/03\/Hot.jpg\" srcset=\"http:\/\/www.translation-for-gourmets.de\/wp-content\/uploads\/2023\/03\/Hot.jpg 400w, http:\/\/www.translation-for-gourmets.de\/wp-content\/uploads\/2023\/03\/Hot-269x300.jpg 269w\" sizes=\"auto, (max-width: 400px) 100vw, 400px\" \/><\/figure><\/li><li class=\"wp-block-jetpack-slideshow_slide swiper-slide\"><figure><img loading=\"lazy\" decoding=\"async\" width=\"400\" height=\"532\" alt=\"\" class=\"wp-block-jetpack-slideshow_image wp-image-202\" data-id=\"202\" src=\"http:\/\/www.translation-for-gourmets.de\/wp-content\/uploads\/2023\/03\/Brennan.jpg\" srcset=\"http:\/\/www.translation-for-gourmets.de\/wp-content\/uploads\/2023\/03\/Brennan.jpg 400w, http:\/\/www.translation-for-gourmets.de\/wp-content\/uploads\/2023\/03\/Brennan-226x300.jpg 226w\" sizes=\"auto, (max-width: 400px) 100vw, 400px\" \/><\/figure><\/li><li class=\"wp-block-jetpack-slideshow_slide swiper-slide\"><figure><img loading=\"lazy\" decoding=\"async\" width=\"400\" height=\"534\" alt=\"\" class=\"wp-block-jetpack-slideshow_image wp-image-203\" data-id=\"203\" src=\"http:\/\/www.translation-for-gourmets.de\/wp-content\/uploads\/2023\/03\/lousada_orig.jpg\" srcset=\"http:\/\/www.translation-for-gourmets.de\/wp-content\/uploads\/2023\/03\/lousada_orig.jpg 400w, http:\/\/www.translation-for-gourmets.de\/wp-content\/uploads\/2023\/03\/lousada_orig-225x300.jpg 225w\" sizes=\"auto, (max-width: 400px) 100vw, 400px\" \/><\/figure><\/li><\/ul><a class=\"wp-block-jetpack-slideshow_button-prev swiper-button-prev swiper-button-white\" role=\"button\"><\/a><a class=\"wp-block-jetpack-slideshow_button-next swiper-button-next swiper-button-white\" role=\"button\"><\/a><a aria-label=\"Pause Slideshow\" class=\"wp-block-jetpack-slideshow_button-pause\" role=\"button\"><\/a><div class=\"wp-block-jetpack-slideshow_pagination swiper-pagination swiper-pagination-white\"><\/div><\/div><\/div>\n","protected":false},"excerpt":{"rendered":"","protected":false},"author":1,"featured_media":0,"parent":0,"menu_order":0,"comment_status":"closed","ping_status":"closed","template":"","meta":{"_crdt_document":"","_themeisle_gutenberg_block_has_review":false,"footnotes":""},"class_list":["post-51","page","type-page","status-publish","hentry"],"jetpack-related-posts":[{"id":131,"url":"http:\/\/www.translation-for-gourmets.de\/?page_id=131","url_meta":{"origin":51,"position":0},"title":"Impressum","date":"Januar 22, 2023","format":false,"excerpt":"Angaben gem\u00e4\u00df \u00a7 5 TMG: Susanne KammererEduard-M\u00f6rike-Stra\u00dfe 1468535 Edingen-Neckarhausen Kontakt: Email: sk@translation-for-gourmets.de","rel":"","context":"\u00c4hnlicher Beitrag","img":{"alt_text":"","src":"","width":0,"height":0},"classes":[]}],"_links":{"self":[{"href":"http:\/\/www.translation-for-gourmets.de\/index.php?rest_route=\/wp\/v2\/pages\/51","targetHints":{"allow":["GET"]}}],"collection":[{"href":"http:\/\/www.translation-for-gourmets.de\/index.php?rest_route=\/wp\/v2\/pages"}],"about":[{"href":"http:\/\/www.translation-for-gourmets.de\/index.php?rest_route=\/wp\/v2\/types\/page"}],"author":[{"embeddable":true,"href":"http:\/\/www.translation-for-gourmets.de\/index.php?rest_route=\/wp\/v2\/users\/1"}],"replies":[{"embeddable":true,"href":"http:\/\/www.translation-for-gourmets.de\/index.php?rest_route=%2Fwp%2Fv2%2Fcomments&post=51"}],"version-history":[{"count":17,"href":"http:\/\/www.translation-for-gourmets.de\/index.php?rest_route=\/wp\/v2\/pages\/51\/revisions"}],"predecessor-version":[{"id":204,"href":"http:\/\/www.translation-for-gourmets.de\/index.php?rest_route=\/wp\/v2\/pages\/51\/revisions\/204"}],"wp:attachment":[{"href":"http:\/\/www.translation-for-gourmets.de\/index.php?rest_route=%2Fwp%2Fv2%2Fmedia&parent=51"}],"curies":[{"name":"wp","href":"https:\/\/api.w.org\/{rel}","templated":true}]}}